{"id":4,"date":"2013-06-03T21:14:17","date_gmt":"2013-06-03T19:14:17","guid":{"rendered":"http:\/\/www.argobilradio.se\/wordpress\/?page_id=4"},"modified":"2026-02-02T12:27:27","modified_gmt":"2026-02-02T11:27:27","slug":"valkommen-till-argo-bilradio","status":"publish","type":"page","link":"https:\/\/www.argobilradio.se\/","title":{"rendered":"V\u00e4lkommen till Argo Bilradio"},"content":{"rendered":"\n<p>&nbsp;<\/p>\n\n\n\n<p class=\"has-text-align-left\">Vi s\u00e4ljer, monterar och servar; &nbsp; <span style=\"font-family: Arial;\">billarm &#8211; alkol\u00e5s &#8211; bilradio mm<\/span><\/p>\n\n\n\n<p class=\"has-text-align-left\"><span style=\"font-family: Arial;\">Hos oss \u00e5terfinner du de flesta m\u00e4rken<\/span><\/p>\n\n\n\n<p class=\"has-text-align-left\">M\u00e5nga av v\u00e5ra kunder \u00e5terkommer f\u00f6r den personliga och goda service<\/p>\n\n\n\n<p class=\"has-text-align-center\"><em><span style=\"color: #ff0000;\"><strong><span style=\"font-family: Arial;\">V\u00e4lkommen !<\/span><\/strong><\/span><\/em><\/p>\n\n\n\n<p class=\"has-text-align-center\">&nbsp; &nbsp; &nbsp;&nbsp;<a href=\"mailto:helena.argo@telia.com\">helena<\/a>@argobilradio.se<\/p>\n\n\n\n<p class=\"has-text-align-center\">Stallarholmsv\u00e4gen 49&nbsp;i H\u00f6gdalens industriomr\u00e5de<\/p>\n","protected":false},"excerpt":{"rendered":"<p>&nbsp; Vi s\u00e4ljer, monterar och servar; &nbsp; billarm &#8211; alkol\u00e5s &#8211; bilradio mm Hos oss \u00e5terfinner du de flesta m\u00e4rken M\u00e5nga av v\u00e5ra kunder \u00e5terkommer f\u00f6r den personliga och goda service V\u00e4lkommen ! &nbsp; &nbsp; &nbsp;&nbsp;helena@argobilradio.se Stallarholmsv\u00e4gen 49&nbsp;i H\u00f6gdalens industriomr\u00e5de<\/p>\n","protected":false},"author":1,"featured_media":0,"parent":0,"menu_order":0,"comment_status":"closed","ping_status":"closed","template":"","meta":{"footnotes":""},"class_list":["post-4","page","type-page","status-publish","hentry"],"_links":{"self":[{"href":"https:\/\/www.argobilradio.se\/index.php?rest_route=\/wp\/v2\/pages\/4","targetHints":{"allow":["GET"]}}],"collection":[{"href":"https:\/\/www.argobilradio.se\/index.php?rest_route=\/wp\/v2\/pages"}],"about":[{"href":"https:\/\/www.argobilradio.se\/index.php?rest_route=\/wp\/v2\/types\/page"}],"author":[{"embeddable":true,"href":"https:\/\/www.argobilradio.se\/index.php?rest_route=\/wp\/v2\/users\/1"}],"replies":[{"embeddable":true,"href":"https:\/\/www.argobilradio.se\/index.php?rest_route=%2Fwp%2Fv2%2Fcomments&post=4"}],"version-history":[{"count":45,"href":"https:\/\/www.argobilradio.se\/index.php?rest_route=\/wp\/v2\/pages\/4\/revisions"}],"predecessor-version":[{"id":302,"href":"https:\/\/www.argobilradio.se\/index.php?rest_route=\/wp\/v2\/pages\/4\/revisions\/302"}],"wp:attachment":[{"href":"https:\/\/www.argobilradio.se\/index.php?rest_route=%2Fwp%2Fv2%2Fmedia&parent=4"}],"curies":[{"name":"wp","href":"https:\/\/api.w.org\/{rel}","templated":true}]}}