{"id":15,"date":"2013-06-03T21:17:57","date_gmt":"2013-06-03T19:17:57","guid":{"rendered":"http:\/\/www.argobilradio.se\/wordpress\/?page_id=15"},"modified":"2024-12-15T22:21:44","modified_gmt":"2024-12-15T21:21:44","slug":"montering","status":"publish","type":"page","link":"https:\/\/www.argobilradio.se\/?page_id=15","title":{"rendered":"Montering"},"content":{"rendered":"\n<p><span style=\"font-family: Arial;\">Vi monterar alla typer av fordon samt de flesta f\u00f6rekommande st\u00f6ldskydd, bilstereo, alkol\u00e5s, k\u00f6rjournaler, navigation, backkameror mm<\/span><\/p>\n\n\n\n<p>Vid mindre monteringar finns det m\u00f6jlighet att v\u00e4nta kvar<\/p>\n\n\n\n<p>Vi tillhandah\u00e5ller det monteringsmaterial som beh\u00f6vs, tex ramar och kablage som \u00e4r bilanpassade<\/p>\n\n\n\n<p>Ring 08-869000 eller maila <a href=\"mailto:helena.argo@telia.com\">helena@argobilradio.se<\/a>\u00a0f\u00f6r pris<\/p>\n\n\n\n<p><\/p>\n","protected":false},"excerpt":{"rendered":"<p>Vi monterar alla typer av fordon samt de flesta f\u00f6rekommande st\u00f6ldskydd, bilstereo, alkol\u00e5s, k\u00f6rjournaler, navigation, backkameror mm Vid mindre monteringar finns det m\u00f6jlighet att v\u00e4nta kvar Vi tillhandah\u00e5ller det monteringsmaterial som beh\u00f6vs, tex ramar och kablage som \u00e4r bilanpassade Ring 08-869000 eller maila helena@argobilradio.se\u00a0f\u00f6r pris<\/p>\n","protected":false},"author":1,"featured_media":0,"parent":0,"menu_order":0,"comment_status":"closed","ping_status":"closed","template":"","meta":{"footnotes":""},"class_list":["post-15","page","type-page","status-publish","hentry"],"_links":{"self":[{"href":"https:\/\/www.argobilradio.se\/index.php?rest_route=\/wp\/v2\/pages\/15","targetHints":{"allow":["GET"]}}],"collection":[{"href":"https:\/\/www.argobilradio.se\/index.php?rest_route=\/wp\/v2\/pages"}],"about":[{"href":"https:\/\/www.argobilradio.se\/index.php?rest_route=\/wp\/v2\/types\/page"}],"author":[{"embeddable":true,"href":"https:\/\/www.argobilradio.se\/index.php?rest_route=\/wp\/v2\/users\/1"}],"replies":[{"embeddable":true,"href":"https:\/\/www.argobilradio.se\/index.php?rest_route=%2Fwp%2Fv2%2Fcomments&post=15"}],"version-history":[{"count":11,"href":"https:\/\/www.argobilradio.se\/index.php?rest_route=\/wp\/v2\/pages\/15\/revisions"}],"predecessor-version":[{"id":286,"href":"https:\/\/www.argobilradio.se\/index.php?rest_route=\/wp\/v2\/pages\/15\/revisions\/286"}],"wp:attachment":[{"href":"https:\/\/www.argobilradio.se\/index.php?rest_route=%2Fwp%2Fv2%2Fmedia&parent=15"}],"curies":[{"name":"wp","href":"https:\/\/api.w.org\/{rel}","templated":true}]}}