{"id":13,"date":"2013-06-03T21:17:40","date_gmt":"2013-06-03T19:17:40","guid":{"rendered":"http:\/\/www.argobilradio.se\/wordpress\/?page_id=13"},"modified":"2024-12-15T22:17:35","modified_gmt":"2024-12-15T21:17:35","slug":"alkolas","status":"publish","type":"page","link":"https:\/\/www.argobilradio.se\/?page_id=13","title":{"rendered":"Alkol\u00e5s"},"content":{"rendered":"\n<h1 class=\"wp-block-heading\">Vi utf\u00f6r kalibrering, f\u00f6rs\u00e4ljning &nbsp;och montering av Dr\u00e4ger alkol\u00e5s.<\/h1>\n\n\n\n<p>&nbsp;<\/p>\n\n\n\n<p>Vid fler alkol\u00e5s  kan kalibrering och montering ske p\u00e5 plats hos Er.<\/p>\n\n\n\n<p><span style=\"font-family: Arial;\">&nbsp;Vi&nbsp; utf\u00f6r \u00e4ven kalibrering av Alkolock<\/span><\/p>\n\n\n\n<p>&nbsp;<\/p>\n\n\n\n<p>maila <a href=\"mailto:helena.argo@telia.com\">helena@argobilardio.se<\/a> eller ring 08-869000 f\u00f6r pris och tid<\/p>\n","protected":false},"excerpt":{"rendered":"<p>Vi utf\u00f6r kalibrering, f\u00f6rs\u00e4ljning &nbsp;och montering av Dr\u00e4ger alkol\u00e5s. &nbsp; Vid fler alkol\u00e5s kan kalibrering och montering ske p\u00e5 plats hos Er. &nbsp;Vi&nbsp; utf\u00f6r \u00e4ven kalibrering av Alkolock &nbsp; maila helena@argobilardio.se eller ring 08-869000 f\u00f6r pris och tid<\/p>\n","protected":false},"author":1,"featured_media":231,"parent":0,"menu_order":0,"comment_status":"closed","ping_status":"closed","template":"","meta":{"footnotes":""},"class_list":["post-13","page","type-page","status-publish","has-post-thumbnail","hentry"],"_links":{"self":[{"href":"https:\/\/www.argobilradio.se\/index.php?rest_route=\/wp\/v2\/pages\/13","targetHints":{"allow":["GET"]}}],"collection":[{"href":"https:\/\/www.argobilradio.se\/index.php?rest_route=\/wp\/v2\/pages"}],"about":[{"href":"https:\/\/www.argobilradio.se\/index.php?rest_route=\/wp\/v2\/types\/page"}],"author":[{"embeddable":true,"href":"https:\/\/www.argobilradio.se\/index.php?rest_route=\/wp\/v2\/users\/1"}],"replies":[{"embeddable":true,"href":"https:\/\/www.argobilradio.se\/index.php?rest_route=%2Fwp%2Fv2%2Fcomments&post=13"}],"version-history":[{"count":30,"href":"https:\/\/www.argobilradio.se\/index.php?rest_route=\/wp\/v2\/pages\/13\/revisions"}],"predecessor-version":[{"id":280,"href":"https:\/\/www.argobilradio.se\/index.php?rest_route=\/wp\/v2\/pages\/13\/revisions\/280"}],"wp:featuredmedia":[{"embeddable":true,"href":"https:\/\/www.argobilradio.se\/index.php?rest_route=\/wp\/v2\/media\/231"}],"wp:attachment":[{"href":"https:\/\/www.argobilradio.se\/index.php?rest_route=%2Fwp%2Fv2%2Fmedia&parent=13"}],"curies":[{"name":"wp","href":"https:\/\/api.w.org\/{rel}","templated":true}]}}